{"id":627,"date":"2024-07-24T17:20:08","date_gmt":"2024-07-24T20:20:08","guid":{"rendered":"https:\/\/sler.com.br\/wordpress\/?post_type=product&#038;p=627"},"modified":"2024-08-15T09:17:25","modified_gmt":"2024-08-15T12:17:25","slug":"a-cronologia-do-alef-bet","status":"publish","type":"product","link":"https:\/\/sler.com.br\/slerbooks\/livro\/a-cronologia-do-alef-bet\/","title":{"rendered":"A Cronologia do Alef Bet"},"content":{"rendered":"<div class=\"box_coment_autor\">\n<p><strong>Apresenta\u00e7\u00e3o de Ariel Pal\u00e1cios, jornalista da GloboNews.<\/strong><\/p>\n<p><img decoding=\"async\" class=\"alignleft wp-image-746\" style=\"padding-right: 25px; padding-bottom: 20px; padding-top: 5px;\" src=\"https:\/\/sler.com.br\/slerbooks\/wp-content\/uploads\/2024\/07\/ariel.jpg\" alt=\"\" width=\"197\" height=\"200\" \/>Tive a honra e o prazer de me tornar amigo de L\u00e9o Gerchmann em 1997, quando ele foi a Buenos Aires como correspondente do jornal Folha de S. Paulo. Era um ano turbulento na pol\u00edtica, mas Leo tirou de letra. Da mesma forma que Sherlock Holmes resolvia seus mist\u00e9rios matutando enquanto fumava seu cachimbo, Leo desvendava \u2013 impass\u00edvel \u2013 a complexa pol\u00edtica argentina enquanto segurava sua cuia, tomando goles de chimarr\u00e3o.<\/p>\n<p>Ele sempre teve um texto fluido, agrad\u00e1vel e did\u00e1tico de ler. E esse didatismo estava presente n\u00e3o somente em seu material na \u00e9poca sobre a Argentina (pois ele abominava todos aqueles bregas clich\u00eas que existem, ainda bem que cada vez menos, em setores brasileiros sobre a Argentina e a regi\u00e3o), mas tamb\u00e9m \u00e9 sua marca nas colunas na SLER, onde desmonta as surradas \u2013 e superbregas \u2013 teorias da conspira\u00e7\u00e3o que tanto marcam a classe pol\u00edtica brasileira e tamb\u00e9m os setores fan\u00e1ticos religiosos do Brasil.<\/p>\n<p>Leo, em suas colunas, tamb\u00e9m recupera o velho cosmopolitismo c\u00e9tico e laico dos askenazy, que hoje \u2013 infelizmente \u2013 est\u00e1 meio esquecido no contexto mundial da comunidade, mas que gerou figuras como Sigmund Freud, Karl Marx e Albert Einstein.<\/p>\n<\/div>\n","protected":false},"excerpt":{"rendered":"<p><em>A Cronologia do Alef Bet<\/em> \u00e9 um relato da ang\u00fastia vivida por um brasileiro judeu, descendente de refugiados dos campos de concentra\u00e7\u00e3o da Segunda Guerra Mundial. L\u00e9o Gerchmann, um experiente rep\u00f3rter ga\u00facho, foi observando ao longo de 2023 um estranho recrudescimento do antissemitismo pelo Brasil e pelo mundo. Ap\u00f3s o 7 de outubro, quando o Hamas invadiu Israel, matando mais de mil pessoas, e irrompeu a Guerra Israel x Hamas, o antissemitismo se revestiu de antissionismo para emergir de novo com o antigo preconceito contra o povo judeu, inclusive de setores ditos humanistas. Gerchmann, na coluna semanal que mant\u00e9m na plataforma Sler, passou a se dedicar \u00e0 defesa de seu povo ancestral, a hist\u00f3ria, os conceitos, as persegui\u00e7\u00f5es milenares, numa tentativa desesperada de abrir os olhos da sociedade para a real situa\u00e7\u00e3o do conflito e as diferen\u00e7as entre o povo judeu e o governo de Israel. <strong>A Cronologia do Alef Bet<\/strong> \u00e9 um livro fundamental para quem quer entender a perspectiva judaica nesse que \u00e9 um dos temas mais candentes do mundo hoje. Pref\u00e1cio de Marcos Weiss Bliacheris.<\/p>\n<p><strong>FICHA T\u00c9CNICA<\/strong><\/p>\n<table style=\"width: 100%; font-size: 14px; margin-top: 0px;\" border=\"2\" cellpadding=\"1\">\n<tbody>\n<tr>\n<td><strong>Origem:<\/strong><\/td>\n<td>Literatura Brasileira<\/td>\n<\/tr>\n<tr>\n<td><strong>N\u00famero de P\u00e1ginas:<\/strong><\/td>\n<td>256<\/td>\n<\/tr>\n<tr>\n<td><strong>Acabamento:<\/strong><\/td>\n<td>Capa Comum<\/td>\n<\/tr>\n<tr>\n<td><strong>Idioma:<\/strong><\/td>\n<td>Portugu\u00eas<\/td>\n<\/tr>\n<tr>\n<td><strong>Editora:<\/strong><\/td>\n<td>SlerBooks \u2013 1\u00aa Edi\u00e7\u00e3o<\/td>\n<\/tr>\n<tr>\n<td><strong>Data da Publica\u00e7\u00e3o:<\/strong><\/td>\n<td>4 de julho de 2024<\/td>\n<\/tr>\n<tr>\n<td><strong>ISBN:<\/strong><\/td>\n<td>978-8571461260<\/td>\n<\/tr>\n<\/tbody>\n<\/table>\n<div style=\"width: 100%; display: flex; border-bottom: 1px #cccccc solid; padding-bottom: 20px; margin-bottom: 20px;\">\n<div class=\"brn_ext\"><a href=\"https:\/\/loja.umlivro.com.br\/a-cronologia-do-alef-bet--o-abecedario-judaico-contra-a-ignorancia-e-a-maldade-do-antissemitismo-7031300\/p#specification\">Comprar na <strong>UmLivro<\/strong><\/a><\/div>\n<div class=\"brn_ext\">\n<p><a href=\"https:\/\/www.amazon.com.br\/Cronologia-Alef-Bet-abeced%C3%A1rio-antissemitismo\/dp\/8571461260\/ref=sr_1_1?__mk_pt_BR=%C3%85M%C3%85%C5%BD%C3%95%C3%91&amp;crid=33NXUI3DFEIYJ&amp;dib=eyJ2IjoiMSJ9.uTorN_Vd9YtjoFs07lah_g.uM1c7aQTJ4I1bEZpKTOGhFlIOnahRpvARWe9ztaTA74&amp;dib_tag=se&amp;keywords=a+cronologia+do+alef+bet&amp;qid=1721221678&amp;sprefix=a+cronologia+do+alef+bet%2Caps%2C216&amp;sr=8-1\">Comprar na <strong>Amazon<\/strong><\/a><\/p>\n<\/div>\n<div class=\"brn_ext\">\n<p><a href=\"https:\/\/www.amazon.com.br\/Cronologia-Alef-Bet-abeced%C3%A1rio-antissemitismo-ebook\/dp\/B0DBZYCT6Y\/ref=sr_1_1?crid=OIQFJNEDYGOC&#038;dib=eyJ2IjoiMSJ9.pNTquwSvp00ZujfaR0dwGg.QS0yRN2ImC2uMGLSy01x68hZptFtxzGsUoNgGsOBh-s&#038;dib_tag=se&#038;keywords=a+cronologia+do+alef+bet&#038;qid=1723633380&#038;s=digital-text&#038;sprefix=a+crono%2Cdigital-text%2C216&#038;sr=1-1\"><strong>Ebook<\/strong><\/a><\/p>\n<\/div>\n<\/div>\n","protected":false},"featured_media":628,"template":"","meta":[],"product_brand":[],"product_cat":[156],"product_tag":[],"class_list":{"0":"post-627","1":"product","2":"type-product","3":"status-publish","6":"product_cat-leo-gerchmann","8":"first","9":"instock","10":"shipping-taxable","11":"product-type-simple"},"_links":{"self":[{"href":"https:\/\/sler.com.br\/slerbooks\/wp-json\/wp\/v2\/product\/627","targetHints":{"allow":["GET"]}}],"collection":[{"href":"https:\/\/sler.com.br\/slerbooks\/wp-json\/wp\/v2\/product"}],"about":[{"href":"https:\/\/sler.com.br\/slerbooks\/wp-json\/wp\/v2\/types\/product"}],"wp:featuredmedia":[{"embeddable":true,"href":"https:\/\/sler.com.br\/slerbooks\/wp-json\/wp\/v2\/media\/628"}],"wp:attachment":[{"href":"https:\/\/sler.com.br\/slerbooks\/wp-json\/wp\/v2\/media?parent=627"}],"wp:term":[{"taxonomy":"product_brand","embeddable":true,"href":"https:\/\/sler.com.br\/slerbooks\/wp-json\/wp\/v2\/product_brand?post=627"},{"taxonomy":"product_cat","embeddable":true,"href":"https:\/\/sler.com.br\/slerbooks\/wp-json\/wp\/v2\/product_cat?post=627"},{"taxonomy":"product_tag","embeddable":true,"href":"https:\/\/sler.com.br\/slerbooks\/wp-json\/wp\/v2\/product_tag?post=627"}],"curies":[{"name":"wp","href":"https:\/\/api.w.org\/{rel}","templated":true}]}}