{"id":634,"date":"2024-07-26T08:07:46","date_gmt":"2024-07-26T11:07:46","guid":{"rendered":"https:\/\/sler.com.br\/wordpress\/?post_type=product&#038;p=634"},"modified":"2024-08-15T09:12:58","modified_gmt":"2024-08-15T12:12:58","slug":"o-inesquecivel-funeral-2050","status":"publish","type":"product","link":"https:\/\/sler.com.br\/slerbooks\/livro\/o-inesquecivel-funeral-2050\/","title":{"rendered":"O Inesquec\u00edvel Funeral 2050"},"content":{"rendered":"","protected":false},"excerpt":{"rendered":"<p><em>O Inesquec\u00edvel Funeral de 2050<\/em> \u00e9 um romance sobre as rela\u00e7\u00f5es entre as pessoas, dos mist\u00e9rios da espiritualidade, dos avan\u00e7os da tecnologia e dos segredos do universo, escrito de um jeito diferente de tudo o que voc\u00ea j\u00e1 leu. Come\u00e7a pelos cocriadores, mais de uma centena de amigos do autor que deram contribui\u00e7\u00f5es enquanto a hist\u00f3ria ia sendo escrita. E voc\u00ea tamb\u00e9m poder\u00e1 cocriar. Durante o desenrolar da vida do personagem principal, \u00e9 voc\u00ea quem escolher\u00e1 o destino. Voc\u00ea acredita no livre-arb\u00edtrio? As escolhas de vida s\u00e3o s\u00f3 dimens\u00f5es paralelas? A primeira parte da hist\u00f3ria tem sete finais poss\u00edveis. E, na segunda, o pr\u00f3prio protagonista participa do seu funeral por meio de um holograma. Mas isso n\u00e3o \u00e9 tudo, leia para descobrir mais surpresas nessa incr\u00edvel trama de Luis Felipe Nascimento.<\/p>\n<p><strong>FICHA T\u00c9CNICA<\/strong><\/p>\n<table style=\"width: 100%; font-size: 14px; margin-top: 0px;\" border=\"2\" cellpadding=\"1\">\n<tbody>\n<tr>\n<td><strong>Origem:<\/strong><\/td>\n<td>Literatura Brasileira<\/td>\n<\/tr>\n<tr>\n<td><strong>N\u00famero de P\u00e1ginas:<\/strong><\/td>\n<td>346<\/td>\n<\/tr>\n<tr>\n<td><strong>Acabamento:<\/strong><\/td>\n<td>Capa Comum<\/td>\n<\/tr>\n<tr>\n<td><strong>Idioma:<\/strong><\/td>\n<td>Portugu\u00eas<\/td>\n<\/tr>\n<tr>\n<td><strong>Editora:<\/strong><\/td>\n<td>SlerBooks \u2013 1\u00aa Edi\u00e7\u00e3o<\/td>\n<\/tr>\n<tr>\n<td><strong>Data da Publica\u00e7\u00e3o:<\/strong><\/td>\n<td>3 de julho de 2024<\/td>\n<\/tr>\n<tr>\n<td><strong>ISBN:<\/strong><\/td>\n<td>9788571461482<\/td>\n<\/tr>\n<\/tbody>\n<\/table>\n<div style=\"width: 100%; display: flex; border-bottom: 1px #cccccc solid; padding-bottom: 20px; margin-bottom: 20px;\">\n<div class=\"brn_ext\"><a href=\"https:\/\/loja.umlivro.com.br\/o-inesquecivel-funeral-de-2050-7081521\/p\">Comprar na <strong>UmLivro<\/strong><\/a><\/div>\n<div class=\"brn_ext\">\n<p><a href=\"https:\/\/www.amazon.com.br\/Inesquec%C3%ADvel-Funeral-2050-Felipe-Nascimento\/dp\/8571461481\/ref=sr_1_1?__mk_pt_BR=%C3%85M%C3%85%C5%BD%C3%95%C3%91&#038;crid=3GH861Z2ZQA5B&#038;dib=eyJ2IjoiMSJ9.8QX0MCuWl9IHCFmpCg56HA.qstt140O9Zw-8X_i22XFFR6f14t58Pmkry9pfPsgPa0&#038;dib_tag=se&#038;keywords=o+inesquec%C3%ADvel+funeral+de+2050&#038;qid=1723633169&#038;sprefix=o+inesquec%C3%ADvel+funeral+de+2050%2Caps%2C195&#038;sr=8-1\">Comprar na <strong>Amazon<\/strong><\/a><\/p>\n<\/div>\n<div class=\"brn_ext\">\n<p><a href=\"https:\/\/www.amazon.com.br\/Inesquec%C3%ADvel-Funeral-2050-Felipe-Nascimento-ebook\/dp\/B0DCDJ5XBY\/ref=monarch_sidesheet_title\"><strong>Ebook<\/strong><\/a><\/p>\n<\/div>\n<\/div>\n","protected":false},"featured_media":635,"template":"","meta":[],"product_brand":[],"product_cat":[157],"product_tag":[],"class_list":{"0":"post-634","1":"product","2":"type-product","3":"status-publish","6":"product_cat-luis-felipe-nascimento","8":"first","9":"instock","10":"shipping-taxable","11":"product-type-simple"},"_links":{"self":[{"href":"https:\/\/sler.com.br\/slerbooks\/wp-json\/wp\/v2\/product\/634","targetHints":{"allow":["GET"]}}],"collection":[{"href":"https:\/\/sler.com.br\/slerbooks\/wp-json\/wp\/v2\/product"}],"about":[{"href":"https:\/\/sler.com.br\/slerbooks\/wp-json\/wp\/v2\/types\/product"}],"wp:featuredmedia":[{"embeddable":true,"href":"https:\/\/sler.com.br\/slerbooks\/wp-json\/wp\/v2\/media\/635"}],"wp:attachment":[{"href":"https:\/\/sler.com.br\/slerbooks\/wp-json\/wp\/v2\/media?parent=634"}],"wp:term":[{"taxonomy":"product_brand","embeddable":true,"href":"https:\/\/sler.com.br\/slerbooks\/wp-json\/wp\/v2\/product_brand?post=634"},{"taxonomy":"product_cat","embeddable":true,"href":"https:\/\/sler.com.br\/slerbooks\/wp-json\/wp\/v2\/product_cat?post=634"},{"taxonomy":"product_tag","embeddable":true,"href":"https:\/\/sler.com.br\/slerbooks\/wp-json\/wp\/v2\/product_tag?post=634"}],"curies":[{"name":"wp","href":"https:\/\/api.w.org\/{rel}","templated":true}]}}